{"id":7615,"date":"2021-03-24T07:25:45","date_gmt":"2021-03-24T05:25:45","guid":{"rendered":"https:\/\/davidsrental.ro\/faqs\/"},"modified":"2023-03-24T13:03:37","modified_gmt":"2023-03-24T11:03:37","slug":"faqs","status":"publish","type":"page","link":"https:\/\/davidsrental.ro\/en\/faqs\/","title":{"rendered":"FAQs"},"content":{"rendered":"\t\t<div data-elementor-type=\"wp-page\" data-elementor-id=\"7615\" class=\"elementor elementor-7615 elementor-2105\">\n\t\t\t\t\t\t<section class=\"elementor-section elementor-top-section elementor-element elementor-element-2a96a73 elementor-section-boxed elementor-section-gap-beside-yes elementor-section-height-default elementor-section-height-default elementor-section-column-vertical-align-stretch\" data-id=\"2a96a73\" data-element_type=\"section\">\n\t\t\t\t\t\t<div class=\"elementor-container elementor-column-gap-extended\">\n\t\t\t\t\t<div class=\"elementor-column elementor-col-100 elementor-top-column elementor-element elementor-element-98ef20c\" data-id=\"98ef20c\" data-element_type=\"column\">\n\t\t\t<div class=\"elementor-widget-wrap elementor-element-populated\">\n\t\t\t\t\t\t<div class=\"elementor-element elementor-element-97088c0 elementor-widget__width-initial elementor-invisible elementor-widget elementor-widget-text-editor\" data-id=\"97088c0\" data-element_type=\"widget\" data-settings=\"{&quot;_animation&quot;:&quot;nussFadeInUp&quot;}\" data-widget_type=\"text-editor.default\">\n\t\t\t\t<div class=\"elementor-widget-container\">\n\t\t\t\t\t\t\t<p>Below you will find a list of the most frequently asked questions by our guests.<\/p>\n\t\t\t\t\t\t<\/div>\n\t\t\t\t<\/div>\n\t\t\t\t\t<\/div>\n\t\t<\/div>\n\t\t\t\t\t<\/div>\n\t\t<\/section>\n\t\t\t\t<section class=\"elementor-section elementor-top-section elementor-element elementor-element-b184647 elementor-section-gap-beside-no elementor-section-boxed elementor-section-height-default elementor-section-height-default elementor-section-column-vertical-align-stretch\" data-id=\"b184647\" data-element_type=\"section\">\n\t\t\t\t\t\t<div class=\"elementor-container elementor-column-gap-extended\">\n\t\t\t\t\t<div class=\"elementor-column elementor-col-50 elementor-top-column elementor-element elementor-element-1d49749\" data-id=\"1d49749\" data-element_type=\"column\">\n\t\t\t<div class=\"elementor-widget-wrap elementor-element-populated\">\n\t\t\t\t\t\t<div class=\"elementor-element elementor-element-b986a9e elementor-invisible elementor-widget elementor-widget-nuss-heading\" data-id=\"b986a9e\" data-element_type=\"widget\" data-settings=\"{&quot;_animation&quot;:&quot;nussFadeInUp&quot;}\" data-widget_type=\"nuss-heading.default\">\n\t\t\t\t<div class=\"elementor-widget-container\">\n\t\t\t\t\t<div class=\"nuss-modern-heading\">\r\n\t\t\t\r\n\t\t\t\t\t\t<div class=\"heading-primary-wrap\">\r\n\t\t\t\t<h4 class=\"heading-primary elementor-heading-title\">List of<\/h4>\t\t\t<\/div>\r\n\t\t\r\n\t\t\t\t\t\t<div class=\"heading-divider-wrap\">\r\n\t\t\t\t<div class=\"heading-divider\" style=\"left: 0px;top: 6px\"><\/div>\r\n\t\t\t<\/div>\r\n\t\r\n\t\t\t\t\t<\/div>\r\n\t\t\t<\/div>\n\t\t\t\t<\/div>\n\t\t\t\t<div class=\"elementor-element elementor-element-50f0733 elementor-invisible elementor-widget elementor-widget-heading\" data-id=\"50f0733\" data-element_type=\"widget\" data-settings=\"{&quot;_animation&quot;:&quot;nussFadeInUp&quot;}\" data-widget_type=\"heading.default\">\n\t\t\t\t<div class=\"elementor-widget-container\">\n\t\t\t<h2 class=\"elementor-heading-title elementor-size-default\">Questions &amp; Answers<\/h2>\t\t<\/div>\n\t\t\t\t<\/div>\n\t\t\t\t<div class=\"elementor-element elementor-element-a865a9f nuss-accordion-style-03 elementor-invisible elementor-widget elementor-widget-nuss-accordion\" data-id=\"a865a9f\" data-element_type=\"widget\" data-settings=\"{&quot;_animation&quot;:&quot;nussFadeInUp&quot;}\" data-widget_type=\"nuss-accordion.default\">\n\t\t\t\t<div class=\"elementor-widget-container\">\n\t\t\t\t\t<div class=\"nuss-accordion nuss-accordion-icon-right\">\r\n\t\t\t\t\t\t\t<div class=\"accordion-section\">\r\n\t\t\t\t\t<div class=\"accordion-header\">\r\n\t\t\t\t\t\t<div class=\"accordion-title-wrapper\">\r\n\t\t\t\t\t\t\t<h4 class=\"accordion-title\">Care este ora de check-in?<\/h4>\t\t\t\t\t\t<\/div>\r\n\t\t\t\t\t\t\t\t\t\t\t\t\t<div class=\"accordion-icons\">\r\n\t\t\t\t\t\t\t\t<span\r\n\t\t\t\t\t\t\t\t\tclass=\"accordion-icon opened-icon\"><i class=\"fal fa-angle-down\"><\/i><\/span>\r\n\t\t\t\t\t\t\t\t<span\r\n\t\t\t\t\t\t\t\t\tclass=\"accordion-icon closed-icon\"><i class=\"fal fa-angle-up\"><\/i><\/span>\r\n\t\t\t\t\t\t\t<\/div>\r\n\t\t\t\t\t\t\t\t\t\t\t<\/div>\r\n\t\t\t\t\t<div class=\"accordion-content\">\r\n\t\t\t\t\t\t<p>Ca un ghid general, ora de check-in este dup\u0103 ora 14:00. Anun\u021ba\u021bi-ne prin telefon sau mesaje, ora sosirii \u00een prealabil \u0219i vom face tot posibilul pentru a avea camera disponibil\u0103.<\/p>\t\t\t\t\t<\/div>\r\n\t\t\t\t<\/div>\r\n\t\t\t\t\t\t\t<div class=\"accordion-section\">\r\n\t\t\t\t\t<div class=\"accordion-header\">\r\n\t\t\t\t\t\t<div class=\"accordion-title-wrapper\">\r\n\t\t\t\t\t\t\t<h4 class=\"accordion-title\">Care este ora de check-out?<\/h4>\t\t\t\t\t\t<\/div>\r\n\t\t\t\t\t\t\t\t\t\t\t\t\t<div class=\"accordion-icons\">\r\n\t\t\t\t\t\t\t\t<span\r\n\t\t\t\t\t\t\t\t\tclass=\"accordion-icon opened-icon\"><i class=\"fal fa-angle-down\"><\/i><\/span>\r\n\t\t\t\t\t\t\t\t<span\r\n\t\t\t\t\t\t\t\t\tclass=\"accordion-icon closed-icon\"><i class=\"fal fa-angle-up\"><\/i><\/span>\r\n\t\t\t\t\t\t\t<\/div>\r\n\t\t\t\t\t\t\t\t\t\t\t<\/div>\r\n\t\t\t\t\t<div class=\"accordion-content\">\r\n\t\t\t\t\t\t<p>Ca un ghid general, ora de check-out este \u00eenainte de ora 12:00. Dac\u0103 planifica\u021bi un check-out t\u00e2rziu, v\u0103 rug\u0103m s\u0103 ne comunica\u021bi ora de plecare. \u00cen dependen\u021b\u0103 de disponibilitate, vom face tot posibilul pentru a v\u0103 satisface nevoile.<\/p>\t\t\t\t\t<\/div>\r\n\t\t\t\t<\/div>\r\n\t\t\t\t\t\t\t<div class=\"accordion-section\">\r\n\t\t\t\t\t<div class=\"accordion-header\">\r\n\t\t\t\t\t\t<div class=\"accordion-title-wrapper\">\r\n\t\t\t\t\t\t\t<h4 class=\"accordion-title\">E deschis\u0103 recep\u021bia 24\/24?<\/h4>\t\t\t\t\t\t<\/div>\r\n\t\t\t\t\t\t\t\t\t\t\t\t\t<div class=\"accordion-icons\">\r\n\t\t\t\t\t\t\t\t<span\r\n\t\t\t\t\t\t\t\t\tclass=\"accordion-icon opened-icon\"><i class=\"fal fa-angle-down\"><\/i><\/span>\r\n\t\t\t\t\t\t\t\t<span\r\n\t\t\t\t\t\t\t\t\tclass=\"accordion-icon closed-icon\"><i class=\"fal fa-angle-up\"><\/i><\/span>\r\n\t\t\t\t\t\t\t<\/div>\r\n\t\t\t\t\t\t\t\t\t\t\t<\/div>\r\n\t\t\t\t\t<div class=\"accordion-content\">\r\n\t\t\t\t\t\t<p>Avem recep\u021bie regim online:<br \/>Luni \u2013 Duminic\u0103 \u2013 24\/24<br \/>Cu indica\u021bii de acces pe email\/telefon.<\/p>\t\t\t\t\t<\/div>\r\n\t\t\t\t<\/div>\r\n\t\t\t\t\t\t\t<div class=\"accordion-section\">\r\n\t\t\t\t\t<div class=\"accordion-header\">\r\n\t\t\t\t\t\t<div class=\"accordion-title-wrapper\">\r\n\t\t\t\t\t\t\t<h4 class=\"accordion-title\">Ce limbi vorbi\u021bi?<\/h4>\t\t\t\t\t\t<\/div>\r\n\t\t\t\t\t\t\t\t\t\t\t\t\t<div class=\"accordion-icons\">\r\n\t\t\t\t\t\t\t\t<span\r\n\t\t\t\t\t\t\t\t\tclass=\"accordion-icon opened-icon\"><i class=\"fal fa-angle-down\"><\/i><\/span>\r\n\t\t\t\t\t\t\t\t<span\r\n\t\t\t\t\t\t\t\t\tclass=\"accordion-icon closed-icon\"><i class=\"fal fa-angle-up\"><\/i><\/span>\r\n\t\t\t\t\t\t\t<\/div>\r\n\t\t\t\t\t\t\t\t\t\t\t<\/div>\r\n\t\t\t\t\t<div class=\"accordion-content\">\r\n\t\t\t\t\t\t<p>Rom\u00e2n\u0103, Englez\u0103, German\u0103, Rus\u0103.<\/p>\t\t\t\t\t<\/div>\r\n\t\t\t\t<\/div>\r\n\t\t\t\t\t\t\t<div class=\"accordion-section\">\r\n\t\t\t\t\t<div class=\"accordion-header\">\r\n\t\t\t\t\t\t<div class=\"accordion-title-wrapper\">\r\n\t\t\t\t\t\t\t<h4 class=\"accordion-title\">Oferi\u021bi conexiune gratuit\u0103 la internet?<\/h4>\t\t\t\t\t\t<\/div>\r\n\t\t\t\t\t\t\t\t\t\t\t\t\t<div class=\"accordion-icons\">\r\n\t\t\t\t\t\t\t\t<span\r\n\t\t\t\t\t\t\t\t\tclass=\"accordion-icon opened-icon\"><i class=\"fal fa-angle-down\"><\/i><\/span>\r\n\t\t\t\t\t\t\t\t<span\r\n\t\t\t\t\t\t\t\t\tclass=\"accordion-icon closed-icon\"><i class=\"fal fa-angle-up\"><\/i><\/span>\r\n\t\t\t\t\t\t\t<\/div>\r\n\t\t\t\t\t\t\t\t\t\t\t<\/div>\r\n\t\t\t\t\t<div class=\"accordion-content\">\r\n\t\t\t\t\t\t<p>O conexiune la internet wireless este disponibil\u0103 la toate unit\u0103\u021bile noastre de cazare. Toate camerele ofer\u0103 conectivitate web de mare vitez\u0103.<\/p>\t\t\t\t\t<\/div>\r\n\t\t\t\t<\/div>\r\n\t\t\t\t\t\t\t<div class=\"accordion-section\">\r\n\t\t\t\t\t<div class=\"accordion-header\">\r\n\t\t\t\t\t\t<div class=\"accordion-title-wrapper\">\r\n\t\t\t\t\t\t\t<h4 class=\"accordion-title\">Cum ajungem la Davids Rental?<\/h4>\t\t\t\t\t\t<\/div>\r\n\t\t\t\t\t\t\t\t\t\t\t\t\t<div class=\"accordion-icons\">\r\n\t\t\t\t\t\t\t\t<span\r\n\t\t\t\t\t\t\t\t\tclass=\"accordion-icon opened-icon\"><i class=\"fal fa-angle-down\"><\/i><\/span>\r\n\t\t\t\t\t\t\t\t<span\r\n\t\t\t\t\t\t\t\t\tclass=\"accordion-icon closed-icon\"><i class=\"fal fa-angle-up\"><\/i><\/span>\r\n\t\t\t\t\t\t\t<\/div>\r\n\t\t\t\t\t\t\t\t\t\t\t<\/div>\r\n\t\t\t\t\t<div class=\"accordion-content\">\r\n\t\t\t\t\t\t<p><b><span style=\"font-weight: 400;\">\u021ainem cont s\u0103 men\u021bion\u0103m ca avem dou\u0103 loca\u021bii. Adresa este indicat\u0103 pe pagina unit\u0103\u021bii alese.<\/span><\/b><\/p><p><b><br \/>De la Aeroport\u00a0<\/b><\/p><p><span style=\"font-weight: 400;\">Aeroportul interna\u0163ional \u201eHenri Coand\u0103\u201d Bucure\u015fti se afl\u0103 la 15 km de noi.<\/span><\/p><p><b>Cu trenul<\/b><\/p><p><span style=\"font-weight: 400;\">Din Gara Central\u0103: autobuzul Linia 4 p\u00e2n\u0103 \u00een Livada Po\u015ftei.\u00a0<\/span><\/p><p><b>Taxi<\/b><\/p><p><span style=\"font-weight: 400;\">\u00a0\u00cen cazul \u00een care dori\u0163i s\u0103 utiliza\u0163i taxi-ul costul va fi de aproximativ 10-15 euro pentru traseul de 15 km.<\/span><\/p><p><b>Cu autoturismul<\/b><\/p><p><span style=\"font-weight: 400;\">Utiliza\u0163i DN1 (E60) pentru a ajunge din Bucure\u015fti la noi. <\/span><\/p>\t\t\t\t\t<\/div>\r\n\t\t\t\t<\/div>\r\n\t\t\t\t\t<\/div>\r\n\t\t\t\t<\/div>\n\t\t\t\t<\/div>\n\t\t\t\t\t<\/div>\n\t\t<\/div>\n\t\t\t\t<div class=\"elementor-column elementor-col-50 elementor-top-column elementor-element elementor-element-1284d57\" data-id=\"1284d57\" data-element_type=\"column\">\n\t\t\t<div class=\"elementor-widget-wrap elementor-element-populated\">\n\t\t\t\t\t\t<div class=\"elementor-element elementor-element-590768a elementor-invisible nuss-elementor-loading nuss-slide-in-left elementor-widget elementor-widget-image\" data-id=\"590768a\" data-element_type=\"widget\" data-settings=\"{&quot;_animation&quot;:&quot;nussSlideInLeft&quot;}\" data-widget_type=\"image.default\">\n\t\t\t\t<div class=\"elementor-widget-container\">\n\t\t\t\t\t\t\t\t\t\t\t\t\t<img fetchpriority=\"high\" decoding=\"async\" width=\"2560\" height=\"1707\" src=\"https:\/\/davidsrental.ro\/wp-content\/uploads\/2023\/01\/pexels-andrea-piacquadio-3771833-1-1-scaled.jpeg\" class=\"attachment-full size-full wp-image-5893\" alt=\"\" srcset=\"https:\/\/davidsrental.ro\/wp-content\/uploads\/2023\/01\/pexels-andrea-piacquadio-3771833-1-1-scaled.jpeg 2560w, https:\/\/davidsrental.ro\/wp-content\/uploads\/2023\/01\/pexels-andrea-piacquadio-3771833-1-1-300x200.jpeg 300w, https:\/\/davidsrental.ro\/wp-content\/uploads\/2023\/01\/pexels-andrea-piacquadio-3771833-1-1-1024x683.jpeg 1024w, https:\/\/davidsrental.ro\/wp-content\/uploads\/2023\/01\/pexels-andrea-piacquadio-3771833-1-1-768x512.jpeg 768w, https:\/\/davidsrental.ro\/wp-content\/uploads\/2023\/01\/pexels-andrea-piacquadio-3771833-1-1-1536x1024.jpeg 1536w, https:\/\/davidsrental.ro\/wp-content\/uploads\/2023\/01\/pexels-andrea-piacquadio-3771833-1-1-2048x1366.jpeg 2048w\" sizes=\"(max-width: 2560px) 100vw, 2560px\" \/>\t\t\t\t\t\t\t\t\t\t\t\t\t<\/div>\n\t\t\t\t<\/div>\n\t\t\t\t\t<\/div>\n\t\t<\/div>\n\t\t\t\t\t<\/div>\n\t\t<\/section>\n\t\t\t\t<section class=\"elementor-section elementor-top-section elementor-element elementor-element-1fc46fd elementor-section-stretched elementor-section-boxed elementor-section-gap-beside-yes elementor-section-height-default elementor-section-height-default elementor-section-column-vertical-align-stretch elementor-invisible nuss-elementor-loading nuss-slide-in-up\" data-id=\"1fc46fd\" data-element_type=\"section\" data-settings=\"{&quot;stretch_section&quot;:&quot;section-stretched&quot;,&quot;background_background&quot;:&quot;classic&quot;,&quot;animation&quot;:&quot;nussSlideInUp&quot;}\">\n\t\t\t\t\t\t\t<div class=\"elementor-background-overlay\"><\/div>\n\t\t\t\t\t\t\t<div class=\"elementor-container elementor-column-gap-extended\">\n\t\t\t\t\t<div class=\"elementor-column elementor-col-100 elementor-top-column elementor-element elementor-element-cf9f29f\" data-id=\"cf9f29f\" data-element_type=\"column\">\n\t\t\t<div class=\"elementor-widget-wrap elementor-element-populated\">\n\t\t\t\t\t\t<div class=\"elementor-element elementor-element-9c0bbaf elementor-widget__width-initial elementor-invisible elementor-widget elementor-widget-heading\" data-id=\"9c0bbaf\" data-element_type=\"widget\" data-settings=\"{&quot;_animation&quot;:&quot;nussFadeInUp&quot;}\" data-widget_type=\"heading.default\">\n\t\t\t\t<div class=\"elementor-widget-container\">\n\t\t\t<h3 class=\"elementor-heading-title elementor-size-default\">If you have any questions, don't hesitate to contact us!<\/h3>\t\t<\/div>\n\t\t\t\t<\/div>\n\t\t\t\t<div class=\"elementor-element elementor-element-38c1fca elementor-align-center elementor-invisible elementor-widget elementor-widget-button\" data-id=\"38c1fca\" data-element_type=\"widget\" data-settings=\"{&quot;_animation&quot;:&quot;nussFadeInUp&quot;}\" data-widget_type=\"button.default\">\n\t\t\t\t<div class=\"elementor-widget-container\">\n\t\t\t\t\t<div class=\"elementor-button-wrapper\">\n\t\t\t<a class=\"elementor-button elementor-button-link elementor-size-sm\" href=\"https:\/\/davidsrental.ro\/en\/contacts\/\">\n\t\t\t\t\t\t<span class=\"elementor-button-content-wrapper\">\n\t\t\t\t\t\t\t\t\t<span class=\"elementor-button-text\">Contact us<\/span>\n\t\t\t\t\t<\/span>\n\t\t\t\t\t<\/a>\n\t\t<\/div>\n\t\t\t\t<\/div>\n\t\t\t\t<\/div>\n\t\t\t\t<div class=\"elementor-element elementor-element-9938a8f elementor-invisible elementor-widget elementor-widget-text-editor\" data-id=\"9938a8f\" data-element_type=\"widget\" data-settings=\"{&quot;_animation&quot;:&quot;nussFadeInUp&quot;}\" data-widget_type=\"text-editor.default\">\n\t\t\t\t<div class=\"elementor-widget-container\">\n\t\t\t\t\t\t\t<p>Or call us +(40) 742 179 999<\/p>\n\t\t\t\t\t\t<\/div>\n\t\t\t\t<\/div>\n\t\t\t\t\t<\/div>\n\t\t<\/div>\n\t\t\t\t\t<\/div>\n\t\t<\/section>\n\t\t\t\t<\/div>\n\t\t","protected":false},"excerpt":{"rendered":"<p>Below you will find a list of the most frequently asked questions by our guests. List of Questions &amp; Answers Care este ora de check-in? Ca un ghid general, ora de check-in este dup\u0103 ora 14:00. Anun\u021ba\u021bi-ne prin telefon sau mesaje, ora sosirii \u00een prealabil \u0219i vom face tot posibilul pentru a avea camera disponibil\u0103. [&hellip;]<\/p>\n","protected":false},"author":1,"featured_media":0,"parent":0,"menu_order":0,"comment_status":"closed","ping_status":"closed","template":"elementor_header_footer","meta":{"footnotes":""},"class_list":["post-7615","page","type-page","status-publish","hentry","post-no-thumbnail"],"_links":{"self":[{"href":"https:\/\/davidsrental.ro\/en\/wp-json\/wp\/v2\/pages\/7615","targetHints":{"allow":["GET"]}}],"collection":[{"href":"https:\/\/davidsrental.ro\/en\/wp-json\/wp\/v2\/pages"}],"about":[{"href":"https:\/\/davidsrental.ro\/en\/wp-json\/wp\/v2\/types\/page"}],"author":[{"embeddable":true,"href":"https:\/\/davidsrental.ro\/en\/wp-json\/wp\/v2\/users\/1"}],"replies":[{"embeddable":true,"href":"https:\/\/davidsrental.ro\/en\/wp-json\/wp\/v2\/comments?post=7615"}],"version-history":[{"count":4,"href":"https:\/\/davidsrental.ro\/en\/wp-json\/wp\/v2\/pages\/7615\/revisions"}],"predecessor-version":[{"id":7739,"href":"https:\/\/davidsrental.ro\/en\/wp-json\/wp\/v2\/pages\/7615\/revisions\/7739"}],"wp:attachment":[{"href":"https:\/\/davidsrental.ro\/en\/wp-json\/wp\/v2\/media?parent=7615"}],"curies":[{"name":"wp","href":"https:\/\/api.w.org\/{rel}","templated":true}]}}